{"id":34,"date":"2021-04-06T04:23:55","date_gmt":"2021-04-06T04:23:55","guid":{"rendered":"https:\/\/cssalcuta.md\/?page_id=34"},"modified":"2021-04-06T04:30:45","modified_gmt":"2021-04-06T04:30:45","slug":"achizitii-publice","status":"publish","type":"page","link":"https:\/\/cssalcuta.md\/?page_id=34","title":{"rendered":"Achizi\u021bii Publice"},"content":{"rendered":"\n<h2 class=\"wp-block-heading\">IMSP CS S\u0103lcu\u021ba achizi\u021boinez\u0103 echipament medical \u0219i medicamente prin Centrul pentru Achizi\u0163ii Publice Centralizate \u00een S\u0103n\u0103tate.<\/h2>\n","protected":false},"excerpt":{"rendered":"<p>IMSP CS S\u0103lcu\u021ba achizi\u021boinez\u0103 echipament medical \u0219i medicamente prin Centrul pentru Achizi\u0163ii Publice Centralizate \u00een S\u0103n\u0103tate.<\/p>\n","protected":false},"author":1,"featured_media":0,"parent":0,"menu_order":0,"comment_status":"closed","ping_status":"closed","template":"","meta":{"_exactmetrics_skip_tracking":false,"_exactmetrics_sitenote_active":false,"_exactmetrics_sitenote_note":"","_exactmetrics_sitenote_category":0,"footnotes":""},"class_list":["post-34","page","type-page","status-publish","hentry","entry"],"_links":{"self":[{"href":"https:\/\/cssalcuta.md\/index.php?rest_route=\/wp\/v2\/pages\/34","targetHints":{"allow":["GET"]}}],"collection":[{"href":"https:\/\/cssalcuta.md\/index.php?rest_route=\/wp\/v2\/pages"}],"about":[{"href":"https:\/\/cssalcuta.md\/index.php?rest_route=\/wp\/v2\/types\/page"}],"author":[{"embeddable":true,"href":"https:\/\/cssalcuta.md\/index.php?rest_route=\/wp\/v2\/users\/1"}],"replies":[{"embeddable":true,"href":"https:\/\/cssalcuta.md\/index.php?rest_route=%2Fwp%2Fv2%2Fcomments&post=34"}],"version-history":[{"count":2,"href":"https:\/\/cssalcuta.md\/index.php?rest_route=\/wp\/v2\/pages\/34\/revisions"}],"predecessor-version":[{"id":39,"href":"https:\/\/cssalcuta.md\/index.php?rest_route=\/wp\/v2\/pages\/34\/revisions\/39"}],"wp:attachment":[{"href":"https:\/\/cssalcuta.md\/index.php?rest_route=%2Fwp%2Fv2%2Fmedia&parent=34"}],"curies":[{"name":"wp","href":"https:\/\/api.w.org\/{rel}","templated":true}]}}